
{"id":1130,"date":"2021-06-16T14:31:51","date_gmt":"2021-06-16T14:31:51","guid":{"rendered":"http:\/\/program.appinconf.com\/program\/?page_id=1130"},"modified":"2021-06-16T14:31:54","modified_gmt":"2021-06-16T14:31:54","slug":"nordic-physics-days-2021","status":"publish","type":"page","link":"https:\/\/program.appinconf.com\/program\/nordic-physics-days-2021\/","title":{"rendered":"Nordic Physics Days 2021"},"content":{"rendered":"<p>[et_pb_section fb_built=&#8221;1&#8243; _builder_version=&#8221;4.9.2&#8243; _module_preset=&#8221;default&#8221;][et_pb_row _builder_version=&#8221;4.9.2&#8243; _module_preset=&#8221;default&#8221;][et_pb_column _builder_version=&#8221;4.9.2&#8243; _module_preset=&#8221;default&#8221; type=&#8221;4_4&#8243;][et_pb_text _builder_version=&#8221;4.9.2&#8243; _module_preset=&#8221;default&#8221; hover_enabled=&#8221;0&#8243; sticky_enabled=&#8221;0&#8243;]\n<script type=\"text\/javascript\">\n    var allRooms = JSON.parse('[]');\n    var allCategories = JSON.parse('[]');\n  <\/script>\n\n  <script type=\"text\/javascript\">\n    var templateUrl = 'https:\/\/program.appinconf.com\/program\/wp-content\/plugins\/wordpress_plugin_schedule\/img\/';\n  <\/script>\n\n  <input type=\"hidden\" id=\"new_cms\" value=\"1\" \/>\n  <input type=\"hidden\" id=\"spanning_color\" value=\"#164789\" \/>\n  <input type=\"hidden\" id=\"spanning_text_color\" value=\"#ffffff\" \/>\n  <input type=\"hidden\" id=\"list_as_default\" value=\"0\" \/>\n  <input type=\"hidden\" id=\"fetch_abstract\" value=\"\" \/>\n  <input type=\"hidden\" id=\"show_abs_nbr\" value=\"\" \/>\n  <input type=\"hidden\" id=\"use-auto-heights\" value=\"true\" \/>\n  <input id='base_path' type='hidden' value='https:\/\/program.appinconf.com\/program\/wp-content\/plugins\/wordpress_plugin_schedule' \/>\n  <input id='project' type='hidden' value='e5e3b0ea-10e5-4878-9449-5135b00a51d1' \/>\n  <input id='lang' type='hidden' value='en' \/>\n  <input id='show_link_to_abstract' type='hidden' value='1' \/>\n\n  <div id=\"plugin_main_container\" style='height: 1170px;'>\n\n    \n    <div id=\"type_filter_div\" style='display: none;'>\n      <div class=\"btn-group\" role=\"group\" aria-label=\"...\">\n        <button id=\"show_graph_schedule_button\" type=\"button\" class=\"btn btn-default selected_list_type\">\n          <i class=\"fa fa-calendar\" aria-hidden=\"true\"><\/i>\n        <\/button>\n        <button id=\"show_list_schedule_button\" type=\"button\" class=\"btn btn-default \">\n          <i class=\"fa fa-list\" aria-hidden=\"true\"><\/i>\n        <\/button>\n        <button id=\"list_program_button_print\" type=\"button\" class=\"btn btn-default\" style=\"display: none;\">\n          <i class=\"fa fa-print\" aria-hidden=\"true\"><\/i>\n        <\/button>\n      <\/div>\n      \n    <\/div>\n\n    <div id=\"personal_filter_div\" style='display: none;'>\n        <div id=\"email-input-group\" class=\"email-input-group input-group\">\n          <span class=\"input-group-addon\" id=\"sizing-addon2\">@<\/span>\n          <input id=\"list_filter_input\" type=\"email\" class=\"form-control\" placeholder=\"Enter your email or booking reference\" aria-describedby=\"sizing-addon2\">\n        <\/div>\n        <button id=\"list_filter_button\" class=\"btn btn-primary\">Show  my program<\/button>\n\n    <\/div>\n\n    <div id=\"personal_filter_user_information\" style=\"display: none;\">\n      <i class=\"fa fa-user fa-2x\" aria-hidden=\"true\"><\/i><span id=\"personal_information\"><\/span>\n      <button id=\"list_filter_button_print\" class=\"btn btn-success hide\"><i class=\"fa fa-print\" aria-hidden=\"true\"><\/i><\/button>\n      <button id=\"list_filter_button_reset\" class=\"btn btn-danger hide\">\u00c5terst\u00e4ll<\/button>\n    <\/div>\n\n    <div id=\"list_calendar_container\" style='display: none;'>\n\n      <div id=\"list_filter_alert_div_not_found\" class=\"alert alert-info hide\" role=\"alert\">\n          <span>\n            User was not found. Please try again.          <\/span>\n      <\/div>\n\n      <div id=\"list_filter_alert_div_error\" class=\"alert alert-info hide\" role=\"alert\">\n          <span>\n            There was an error fetching your program. Please try again.          <\/span>\n      <\/div>\n\n      <div id=\"list_calendar_container_inner\" style=\"height: 1000px;\">\n\n          \n      <\/div>\n\n      <div id=\"scroll-down-for-more\">\n          <i class=\"fa fa-3x fa-chevron-down\" aria-hidden=\"true\"><\/i>\n          <br\/>\n          <span>Scroll down for more<\/span>\n      <\/div>\n\n    <\/div>\n\n    <div id=\"graphical_day_chooser_div\" class=\"row\" style=\"margin-right: 0px; margin-left: 0px; \">\n\n       \n      <div class=\"col-md-10\" style=\"padding-left: 0px;\">\n       <div class=\"btn-group\" id=\"days-group\">\n\n          <button type=\"button\" class=\"btn btn-default btn_day\" data-day=\"0\" value=\"date_select_0\"\n                  style=\"float: none !important;\"><span class=\"hidden-xs\">Wed<\/span><br class=\"hidden-xs\"><span>Aug 19<\/span><\/button><button type=\"button\" class=\"btn btn-default btn_day\" data-day=\"1\" value=\"date_select_1\"\n                  style=\"float: none !important;\"><span class=\"hidden-xs\">Thu<\/span><br class=\"hidden-xs\"><span>Aug 20<\/span><\/button><button type=\"button\" class=\"btn btn-default btn_day\" data-day=\"2\" value=\"date_select_2\"\n                  style=\"float: none !important;\"><span class=\"hidden-xs\">Fri<\/span><br class=\"hidden-xs\"><span>Aug 21<\/span><\/button>\n        <\/div>\n      <\/div>\n    <\/div>\n\n    <div id='scroll-right-container' style='display: none; cursor: pointer; margin-top: 73px; height: 70px; width: 75px; background-color: rgba(130, 130, 130, 0.56); position: relative; float: right; z-index: 10000000; text-align: center;'>\n        <i class=\"fa fa-3x fa-chevron-right\" aria-hidden=\"true\" style=\"color: white; position: absolute; left: 35%; top: 20%;\"><\/i>\n    <\/div>\n\n    <div id='scroll-left-container' style='display: none; cursor: pointer; margin-top: 73px; height: 70px; width: 75px; background-color: rgba(130, 130, 130, 0.56); position: relative; float: left; margin-left: 60px; z-index: 10000000; text-align: center;'>\n        <i class=\"fa fa-3x fa-chevron-left\" aria-hidden=\"true\" style=\"color: white; position: absolute; left: 30%; top: 20%;\"><\/i>\n    <\/div>\n\n    <div id=\"calendar_container\" class=\"dragscroll\" style=\"cursor: move; height: 1000px; background-color: #fcfcfc;px; \">\n\n\n      \n  \t\t<!-- top bar with date and rooms name -->\n  \t\t<div class=\"xaxis xaxis-extra-new-cms fixed top\">\n  \t      <div id=\"top_left_room_box\" class=\"preroom0 preroom0-extra-new-cms\">\n            <div class=\"room0\">\n                <select style=\"visibility: hidden;\"><\/select>\n    \t      <\/div>\n          <\/div>\n\n  \t      \n      <\/div>\n            \n      \n      <div id='time_0' name='visible_0' data-day='0' class='yaxis major time_all time_0 major-new-cms data-time='0000' style='top: 61px; display: block;'>\n                <div class='yaxistime yaxistime-extra-new-cms'><div class='yaxistext yaxistext-extra-new-cms'>00:00\n<\/div><\/div><\/div><div id = 'time_0' name='visible_1' data-day='0' class='yaxis time_all time_0' data-time='0008' style='top: 81px; display: block;'>\n                <div class='yaxistime yaxistime-extra-new-cms'>&nbsp;<\/div><\/div><div id = 'time_0' name='visible_2' data-day='0' class='yaxis time_all time_0' data-time='0016' style='top: 101px; display: block;'>\n                <div class='yaxistime yaxistime-extra-new-cms'>&nbsp;<\/div><\/div><div id = 'time_0' name='visible_3' data-day='0' class='yaxis time_all time_0' data-time='0024' style='top: 121px; display: block;'>\n                <div class='yaxistime yaxistime-extra-new-cms'>&nbsp;<\/div><\/div><div id='time_0' name='visible_4' data-day='0' class='yaxis time_all time_0' data-time='0032' style='top: 141px; display: block;'>\n                <div class='yaxistime yaxistime-extra-new-cms half-hour-new-cms'><div class='yaxistext-minor yaxistext-minor-extra-new-cms'>00:30\n<\/div><\/div><\/div><div id = 'time_0' name='visible_5' data-day='0' class='yaxis time_all time_0' data-time='0040' style='top: 161px; display: block;'>\n                <div class='yaxistime yaxistime-extra-new-cms'>&nbsp;<\/div><\/div><div id = 'time_0' name='visible_6' data-day='0' class='yaxis time_all time_0' data-time='0048' style='top: 181px; display: block;'>\n                <div class='yaxistime yaxistime-extra-new-cms'>&nbsp;<\/div><\/div><div id = 'time_0' name='visible_7' data-day='0' class='yaxis time_all time_0' data-time='0056' style='top: 201px; display: block;'>\n                <div class='yaxistime yaxistime-extra-new-cms'>&nbsp;<\/div><\/div><div id='time_1' name='visible_8' data-day='1' class='yaxis major time_all time_1 major-new-cms data-time='0000' style='top: 61px; display: none;'>\n                <div class='yaxistime yaxistime-extra-new-cms'><div class='yaxistext yaxistext-extra-new-cms'>00:00\n<\/div><\/div><\/div><div id = 'time_1' name='visible_9' data-day='1' class='yaxis time_all time_1' data-time='0008' style='top: 81px; display: none;'>\n                <div class='yaxistime yaxistime-extra-new-cms'>&nbsp;<\/div><\/div><div id = 'time_1' name='visible_10' data-day='1' class='yaxis time_all time_1' data-time='0016' style='top: 101px; display: none;'>\n                <div class='yaxistime yaxistime-extra-new-cms'>&nbsp;<\/div><\/div><div id = 'time_1' name='visible_11' data-day='1' class='yaxis time_all time_1' data-time='0024' style='top: 121px; display: none;'>\n                <div class='yaxistime yaxistime-extra-new-cms'>&nbsp;<\/div><\/div><div id='time_1' name='visible_12' data-day='1' class='yaxis time_all time_1' data-time='0032' style='top: 141px; display: none;'>\n                <div class='yaxistime yaxistime-extra-new-cms half-hour-new-cms'><div class='yaxistext-minor yaxistext-minor-extra-new-cms'>00:30\n<\/div><\/div><\/div><div id = 'time_1' name='visible_13' data-day='1' class='yaxis time_all time_1' data-time='0040' style='top: 161px; display: none;'>\n                <div class='yaxistime yaxistime-extra-new-cms'>&nbsp;<\/div><\/div><div id = 'time_1' name='visible_14' data-day='1' class='yaxis time_all time_1' data-time='0048' style='top: 181px; display: none;'>\n                <div class='yaxistime yaxistime-extra-new-cms'>&nbsp;<\/div><\/div><div id = 'time_1' name='visible_15' data-day='1' class='yaxis time_all time_1' data-time='0056' style='top: 201px; display: none;'>\n                <div class='yaxistime yaxistime-extra-new-cms'>&nbsp;<\/div><\/div><div id='time_2' name='visible_16' data-day='2' class='yaxis major time_all time_2 major-new-cms data-time='0000' style='top: 61px; display: none;'>\n                <div class='yaxistime yaxistime-extra-new-cms'><div class='yaxistext yaxistext-extra-new-cms'>00:00\n<\/div><\/div><\/div><div id = 'time_2' name='visible_17' data-day='2' class='yaxis time_all time_2' data-time='0008' style='top: 81px; display: none;'>\n                <div class='yaxistime yaxistime-extra-new-cms'>&nbsp;<\/div><\/div><div id = 'time_2' name='visible_18' data-day='2' class='yaxis time_all time_2' data-time='0016' style='top: 101px; display: none;'>\n                <div class='yaxistime yaxistime-extra-new-cms'>&nbsp;<\/div><\/div><div id = 'time_2' name='visible_19' data-day='2' class='yaxis time_all time_2' data-time='0024' style='top: 121px; display: none;'>\n                <div class='yaxistime yaxistime-extra-new-cms'>&nbsp;<\/div><\/div><div id='time_2' name='visible_20' data-day='2' class='yaxis time_all time_2' data-time='0032' style='top: 141px; display: none;'>\n                <div class='yaxistime yaxistime-extra-new-cms half-hour-new-cms'><div class='yaxistext-minor yaxistext-minor-extra-new-cms'>00:30\n<\/div><\/div><\/div><div id = 'time_2' name='visible_21' data-day='2' class='yaxis time_all time_2' data-time='0040' style='top: 161px; display: none;'>\n                <div class='yaxistime yaxistime-extra-new-cms'>&nbsp;<\/div><\/div><div id = 'time_2' name='visible_22' data-day='2' class='yaxis time_all time_2' data-time='0048' style='top: 181px; display: none;'>\n                <div class='yaxistime yaxistime-extra-new-cms'>&nbsp;<\/div><\/div><div id = 'time_2' name='visible_23' data-day='2' class='yaxis time_all time_2' data-time='0056' style='top: 201px; display: none;'>\n                <div class='yaxistime yaxistime-extra-new-cms'>&nbsp;<\/div><\/div>\n      <div id=\"eventInfo\" class=\"modal fade bs-example-modal-lg\" tabindex=\"-1\" role=\"dialog\" style=\"font-size: medium; line-height: normal; text-transform: none;\">\n        <div class=\"modal-dialog\">\n          <div class=\"modal-content\">\n            <div class=\"modal-header\">\n              <button type=\"button\" class=\"close\" data-dismiss=\"modal\" aria-label=\"Close\">\n                <span aria-hidden=\"true\">&times;<\/span><\/button>\n              <h4 class=\"modal-title\"><\/h4>\n            <\/div>\n            <div class=\"modal-body\">\n              <p class=\"modal-speaker\"><\/p>\n              <p class=\"modal-time\"><\/p>\n              <p class=\"modal-info\"><\/p>\n              <p id=\"modal-abs\"><\/p>\n              <p id=\"modal-abs-oldie\">\n                <span style=\"display: none;\">Du anv\u00e4nder en f\u00f6r\u00e5ldrar webbl\u00e4sare.<\/span>\n                <a id=\"abs-url-oldie\" target=\"_blank\" style=\"display: none;\">Klicka f\u00e4r f\u00f6r att l\u00e4sa bidraget<\/a>\n                <iframe id=\"abs-iframe-oldie\" width=\"100%\" height=\"300px\"><\/iframe>\n              <\/p>\n              <i id=\"modal-abs-spinner\" class=\"fa fa-spinner fa-spin\" aria-hidden=\"true\" style=\"display: none;\"><\/i>\n            <\/div>\n            <div class=\"modal-footer\">\n              <span style=\"text-align: left; float: left;\" class=\"modal-category\"><\/span>\n              <button type=\"button\" class=\"btn btn-default\" data-dismiss=\"modal\">Close<\/button>\n            <\/div>\n          <\/div><!-- \/.modal-content -->\n        <\/div><!-- \/.modal-dialog -->\n      <\/div><!-- \/.modal -->\n\n    <\/div>\n\n  <\/div>\n\n[\/et_pb_text][\/et_pb_column][\/et_pb_row][\/et_pb_section]<\/p>\n","protected":false},"excerpt":{"rendered":"<p>[et_pb_section fb_built=&#8221;1&#8243; _builder_version=&#8221;4.9.2&#8243; _module_preset=&#8221;default&#8221;][et_pb_row _builder_version=&#8221;4.9.2&#8243; _module_preset=&#8221;default&#8221;][et_pb_column _builder_version=&#8221;4.9.2&#8243; _module_preset=&#8221;default&#8221; type=&#8221;4_4&#8243;][et_pb_text _builder_version=&#8221;4.9.2&#8243; _module_preset=&#8221;default&#8221; hover_enabled=&#8221;0&#8243; sticky_enabled=&#8221;0&#8243;][\/et_pb_text][\/et_pb_column][\/et_pb_row][\/et_pb_section]<\/p>\n","protected":false},"author":1,"featured_media":0,"parent":0,"menu_order":0,"comment_status":"closed","ping_status":"closed","template":"page-template-blank.php","meta":{"_et_pb_use_builder":"on","_et_pb_old_content":"","_et_gb_content_width":""},"_links":{"self":[{"href":"https:\/\/program.appinconf.com\/program\/wp-json\/wp\/v2\/pages\/1130"}],"collection":[{"href":"https:\/\/program.appinconf.com\/program\/wp-json\/wp\/v2\/pages"}],"about":[{"href":"https:\/\/program.appinconf.com\/program\/wp-json\/wp\/v2\/types\/page"}],"author":[{"embeddable":true,"href":"https:\/\/program.appinconf.com\/program\/wp-json\/wp\/v2\/users\/1"}],"replies":[{"embeddable":true,"href":"https:\/\/program.appinconf.com\/program\/wp-json\/wp\/v2\/comments?post=1130"}],"version-history":[{"count":3,"href":"https:\/\/program.appinconf.com\/program\/wp-json\/wp\/v2\/pages\/1130\/revisions"}],"predecessor-version":[{"id":1135,"href":"https:\/\/program.appinconf.com\/program\/wp-json\/wp\/v2\/pages\/1130\/revisions\/1135"}],"wp:attachment":[{"href":"https:\/\/program.appinconf.com\/program\/wp-json\/wp\/v2\/media?parent=1130"}],"curies":[{"name":"wp","href":"https:\/\/api.w.org\/{rel}","templated":true}]}}