
{"id":419,"date":"2018-03-06T14:18:22","date_gmt":"2018-03-06T14:18:22","guid":{"rendered":"http:\/\/appsinmed.com\/program\/?page_id=419"},"modified":"2018-03-13T12:51:01","modified_gmt":"2018-03-13T12:51:01","slug":"ortopediveckan-2018","status":"publish","type":"page","link":"https:\/\/program.appinconf.com\/program\/ortopediveckan-2018\/","title":{"rendered":"Ortopediveckan 2018"},"content":{"rendered":"<p><div class='one_half et_column_last'>\n\t\t\t\t\t\n\t\t\t\t<\/div><div class='clear'><\/div><img loading=\"lazy\" class=\"size-medium wp-image-192 aligncenter\" src=\"http:\/\/appsinmed.com\/program\/wp-content\/uploads\/sites\/22\/2018\/03\/sof_wave_footer.png\" alt=\"\" width=\"300\" height=\"300\" \/><\/p>\n\n<script type=\"text\/javascript\">\n    var allRooms = JSON.parse('[]');\n    var allCategories = JSON.parse('[]');\n  <\/script>\n\n  <script type=\"text\/javascript\">\n    var templateUrl = 'https:\/\/program.appinconf.com\/program\/wp-content\/plugins\/wordpress_plugin_schedule\/img\/';\n  <\/script>\n\n  <input type=\"hidden\" id=\"new_cms\" value=\"0\" \/>\n  <input type=\"hidden\" id=\"spanning_color\" value=\"#A170FF\" \/>\n  <input type=\"hidden\" id=\"spanning_text_color\" value=\"#000000\" \/>\n  <input type=\"hidden\" id=\"list_as_default\" value=\"0\" \/>\n  <input type=\"hidden\" id=\"fetch_abstract\" value=\"\" \/>\n  <input type=\"hidden\" id=\"show_abs_nbr\" value=\"\" \/>\n  <input type=\"hidden\" id=\"use-auto-heights\" value=\"false\" \/>\n  <input id='base_path' type='hidden' value='https:\/\/program.appinconf.com\/program\/wp-content\/plugins\/wordpress_plugin_schedule' \/>\n  <input id='project' type='hidden' value='project_349_2018_01_09' \/>\n  <input id='lang' type='hidden' value='sv' \/>\n  <input id='show_link_to_abstract' type='hidden' value='0' \/>\n\n  <div id=\"plugin_main_container\" style='height: 1170px;'>\n\n    \n    <div id=\"type_filter_div\" style='display: none;'>\n      <div class=\"btn-group\" role=\"group\" aria-label=\"...\">\n        <button id=\"show_graph_schedule_button\" type=\"button\" class=\"btn btn-default selected_list_type\">\n          <i class=\"fa fa-calendar\" aria-hidden=\"true\"><\/i>\n        <\/button>\n        <button id=\"show_list_schedule_button\" type=\"button\" class=\"btn btn-default \">\n          <i class=\"fa fa-list\" aria-hidden=\"true\"><\/i>\n        <\/button>\n        <button id=\"list_program_button_print\" type=\"button\" class=\"btn btn-default\" style=\"display: none;\">\n          <i class=\"fa fa-print\" aria-hidden=\"true\"><\/i>\n        <\/button>\n      <\/div>\n      \n    <\/div>\n\n    <div id=\"personal_filter_div\" style='display: none;'>\n        <div id=\"email-input-group\" class=\"email-input-group input-group\">\n          <span class=\"input-group-addon\" id=\"sizing-addon2\">@<\/span>\n          <input id=\"list_filter_input\" type=\"email\" class=\"form-control\" placeholder=\"Ange din email eller bokningsnummer\" aria-describedby=\"sizing-addon2\">\n        <\/div>\n        <button id=\"list_filter_button\" class=\"btn btn-primary\">Visa mitt program<\/button>\n\n    <\/div>\n\n    <div id=\"personal_filter_user_information\" style=\"display: none;\">\n      <i class=\"fa fa-user fa-2x\" aria-hidden=\"true\"><\/i><span id=\"personal_information\"><\/span>\n      <button id=\"list_filter_button_print\" class=\"btn btn-success hide\"><i class=\"fa fa-print\" aria-hidden=\"true\"><\/i><\/button>\n      <button id=\"list_filter_button_reset\" class=\"btn btn-danger hide\">\u00c5terst\u00e4ll<\/button>\n    <\/div>\n\n    <div id=\"list_calendar_container\" style='display: none;'>\n\n      <div id=\"list_filter_alert_div_not_found\" class=\"alert alert-info hide\" role=\"alert\">\n          <span>\n            Anv\u00e4ndaren kunde inte hittas. Var god f\u00f6rs\u00f6k igen.          <\/span>\n      <\/div>\n\n      <div id=\"list_filter_alert_div_error\" class=\"alert alert-info hide\" role=\"alert\">\n          <span>\n            Det uppstod ett problem n\u00e4r ditt program skulle h\u00e4mtas. Var god f\u00f6rs\u00f6k igen.          <\/span>\n      <\/div>\n\n      <div id=\"list_calendar_container_inner\" style=\"height: 1000px;\">\n\n          \n      <\/div>\n\n      <div id=\"scroll-down-for-more\">\n          <i class=\"fa fa-3x fa-chevron-down\" aria-hidden=\"true\"><\/i>\n          <br\/>\n          <span>Scrolla ner f\u00f6r att visa mer<\/span>\n      <\/div>\n\n    <\/div>\n\n    <div id=\"graphical_day_chooser_div\" class=\"row\" style=\"margin-right: 0px; margin-left: 0px; \">\n\n        <div class=\"col-md-2\" style=\"padding-left: 0px;\">\n    <div class=\"filter-show-button\">\n      <button id=\"opener\">\n        <i class=\"fa fa-filter fa-inverse\" aria-hidden=\"true\"><\/i>\n        <font size=\"3\" color=\"white\" style=\"font-family: 'Roboto', sans-serif; text-transform: none;\">\n          &nbsp;Filtrera<\/font>\n      <\/button>\n    <\/div>\n\n  \t<div id=\"mySidenav\" class=\"sidenav\">\n      <div class=\"filter-container\">\n\n        <div class=\"row\" id=\"top\">\n\n            <div class=\"col-xs-10\">\n            <br\/>\n            <h4>&nbsp;Filtrera<\/h4>\n            <br\/>\n            <\/div>\n\n            <div class=\"col-xs-2\">\n              <a href=\"javascript:void(0)\" class=\"closebtn\" onclick=\"closeNav()\" style=\"box-shadow: 0 0px 0 0 currentColor; padding-top: 25px;\">\n                &times;\n              <\/a>\n            <\/div>\n\n        <\/div>\n\n        \n    <div class=\"row hide\" style=\"padding-right: 10px;\">\n      <div class=\"col-xs-7\">\n        <font size=\"3\" color=\"#061329\">Rum<\/font>\n      <\/div>\n\n      <div class=\"filters_button_container pull-right\" name=\"rooms_button_container+x\"\n      style=\"background: #FFFFFF; width: 38% !important ; height: 20px !important;\">\n\n        <div class=\"col-xs-3\">\n\n          <input type=\"checkbox\" name=\"all_rooms_checkbox\"\n          class=\"onoffswitch-checkbox\" id=\"all_rooms_checkbox\" checked>\n            <label class=\"onoffswitch-label\" for=\"all_rooms_checkbox\">\n\n              <span class=\"onoffswitch-switch\" style=\"background-color: #7ea92d; margin-top: 0px !important;\" ><\/span>\n\n            <\/label>\n\n        <\/div>\n\n      <font size=2 id=\"visa_r\" style=\"display: none; text-align: left\">Visa Alla<\/font>\n      <font size=2 id=\"dolj_r\" style=\"display: block; text-align: left\">D\u00f6lj Alla<\/font>\n\n      <\/div>\n\n    <\/div>\n    <br class='hide'\/>\n\n\n    <div class=\"row hide\" id=\"rooms_div\" style=\"padding-right: 10px;\">\n        <\/div>\n    <br class='hide'\/>\n\n    \n        <!-- container -->\n      <\/div>\n\n      <!-- sidenav -->\n    <\/div>\n  <\/div>\n\n  \n      <div class=\"col-md-10\" style=\"padding-left: 0px;\">\n       <div class=\"btn-group\" id=\"days-group\">\n\n          \n        <\/div>\n      <\/div>\n    <\/div>\n\n    <div id='scroll-right-container' style='display: none; cursor: pointer; margin-top: 73px; height: 70px; width: 75px; background-color: rgba(130, 130, 130, 0.56); position: relative; float: right; z-index: 10000000; text-align: center;'>\n        <i class=\"fa fa-3x fa-chevron-right\" aria-hidden=\"true\" style=\"color: white; position: absolute; left: 35%; top: 20%;\"><\/i>\n    <\/div>\n\n    <div id='scroll-left-container' style='display: none; cursor: pointer; margin-top: 73px; height: 70px; width: 75px; background-color: rgba(130, 130, 130, 0.56); position: relative; float: left; margin-left: 60px; z-index: 10000000; text-align: center;'>\n        <i class=\"fa fa-3x fa-chevron-left\" aria-hidden=\"true\" style=\"color: white; position: absolute; left: 30%; top: 20%;\"><\/i>\n    <\/div>\n\n    <div id=\"calendar_container\" class=\"dragscroll\" style=\"cursor: move; height: 1000px; background-color: #30332e;px; \">\n\n\n      \n  \t\t<!-- top bar with date and rooms name -->\n  \t\t<div class=\"xaxis xaxis-extra fixed top\">\n  \t      <div id=\"top_left_room_box\" class=\"preroom0 preroom0-extra\">\n            <div class=\"room0\">\n                <select style=\"visibility: hidden;\"><\/select>\n    \t      <\/div>\n          <\/div>\n\n  \t      \n      <\/div>\n            \n      \n      \n      <div id=\"eventInfo\" class=\"modal fade bs-example-modal-lg\" tabindex=\"-1\" role=\"dialog\" style=\"font-size: medium; line-height: normal; text-transform: none;\">\n        <div class=\"modal-dialog\">\n          <div class=\"modal-content\">\n            <div class=\"modal-header\">\n              <button type=\"button\" class=\"close\" data-dismiss=\"modal\" aria-label=\"Close\">\n                <span aria-hidden=\"true\">&times;<\/span><\/button>\n              <h4 class=\"modal-title\"><\/h4>\n            <\/div>\n            <div class=\"modal-body\">\n              <p class=\"modal-speaker\"><\/p>\n              <p class=\"modal-time\"><\/p>\n              <p class=\"modal-info\"><\/p>\n              <p id=\"modal-abs\"><\/p>\n              <p id=\"modal-abs-oldie\">\n                <span style=\"display: none;\">Du anv\u00e4nder en f\u00f6r\u00e5ldrar webbl\u00e4sare.<\/span>\n                <a id=\"abs-url-oldie\" target=\"_blank\" style=\"display: none;\">Klicka f\u00e4r f\u00f6r att l\u00e4sa bidraget<\/a>\n                <iframe id=\"abs-iframe-oldie\" width=\"100%\" height=\"300px\"><\/iframe>\n              <\/p>\n              <i id=\"modal-abs-spinner\" class=\"fa fa-spinner fa-spin\" aria-hidden=\"true\" style=\"display: none;\"><\/i>\n            <\/div>\n            <div class=\"modal-footer\">\n              <span style=\"text-align: left; float: left;\" class=\"modal-category\"><\/span>\n              <button type=\"button\" class=\"btn btn-default\" data-dismiss=\"modal\">St\u00e4ng<\/button>\n            <\/div>\n          <\/div><!-- \/.modal-content -->\n        <\/div><!-- \/.modal-dialog -->\n      <\/div><!-- \/.modal -->\n\n    <\/div>\n\n  <\/div>\n\n\n","protected":false},"excerpt":{"rendered":"","protected":false},"author":1,"featured_media":0,"parent":0,"menu_order":0,"comment_status":"closed","ping_status":"closed","template":"page-template-blank.php","meta":{"_et_pb_use_builder":"","_et_pb_old_content":"","_et_gb_content_width":""},"_links":{"self":[{"href":"https:\/\/program.appinconf.com\/program\/wp-json\/wp\/v2\/pages\/419"}],"collection":[{"href":"https:\/\/program.appinconf.com\/program\/wp-json\/wp\/v2\/pages"}],"about":[{"href":"https:\/\/program.appinconf.com\/program\/wp-json\/wp\/v2\/types\/page"}],"author":[{"embeddable":true,"href":"https:\/\/program.appinconf.com\/program\/wp-json\/wp\/v2\/users\/1"}],"replies":[{"embeddable":true,"href":"https:\/\/program.appinconf.com\/program\/wp-json\/wp\/v2\/comments?post=419"}],"version-history":[{"count":3,"href":"https:\/\/program.appinconf.com\/program\/wp-json\/wp\/v2\/pages\/419\/revisions"}],"predecessor-version":[{"id":424,"href":"https:\/\/program.appinconf.com\/program\/wp-json\/wp\/v2\/pages\/419\/revisions\/424"}],"wp:attachment":[{"href":"https:\/\/program.appinconf.com\/program\/wp-json\/wp\/v2\/media?parent=419"}],"curies":[{"name":"wp","href":"https:\/\/api.w.org\/{rel}","templated":true}]}}