
{"id":632,"date":"2019-02-06T13:46:12","date_gmt":"2019-02-06T13:46:12","guid":{"rendered":"http:\/\/appsinmed.com\/program\/?page_id=632"},"modified":"2019-02-06T14:54:50","modified_gmt":"2019-02-06T14:54:50","slug":"sfam-2019-abstracts","status":"publish","type":"page","link":"https:\/\/program.appinconf.com\/program\/sfam-2019-abstracts\/","title":{"rendered":"SFAM 2019 Abstracts"},"content":{"rendered":"<p>[et_pb_section bb_built=&#8221;1&#8243; _builder_version=&#8221;3.15&#8243; custom_padding=&#8221;20px|0px|8px|0px&#8221; next_background_color=&#8221;rgba(255,255,255,0)&#8221; background_color=&#8221;rgba(0,0,0,0)&#8221;][et_pb_row background_color=&#8221;#ffffff&#8221; background_repeat_1=&#8221;no-repeat&#8221; _builder_version=&#8221;3.0.72&#8243; custom_padding=&#8221;11px|0px|2px|0px&#8221;][et_pb_column type=&#8221;4_4&#8243;][et_pb_text admin_label=&#8221;Image&#8221; _builder_version=&#8221;3.15&#8243;]<\/p>\n<p><img loading=\"lazy\" class=\"size-full wp-image-620 aligncenter\" src=\"https:\/\/appsinmed.com\/program\/wp-content\/uploads\/sites\/22\/2019\/01\/sfam2019_header.png\" alt=\"\" width=\"1000\" height=\"223\" srcset=\"https:\/\/program.appinconf.com\/program\/wp-content\/uploads\/sites\/22\/2019\/01\/sfam2019_header.png 1000w, https:\/\/program.appinconf.com\/program\/wp-content\/uploads\/sites\/22\/2019\/01\/sfam2019_header-300x67.png 300w, https:\/\/program.appinconf.com\/program\/wp-content\/uploads\/sites\/22\/2019\/01\/sfam2019_header-768x171.png 768w\" sizes=\"(max-width: 1000px) 100vw, 1000px\" \/><\/p>\n<p>[\/et_pb_text][et_pb_text _builder_version=&#8221;3.15&#8243; custom_margin=&#8221;10px|10px|10px|10px&#8221; border_style=&#8221;solid&#8221;]<\/p>\n<div>\n<p>Abstracts f\u00f6r SFAM 2019.<br \/>Klicka p\u00e5 ett abstract f\u00f6r att l\u00e4sa det.<\/p>\n<\/div>\n<p>[\/et_pb_text][\/et_pb_column][\/et_pb_row][\/et_pb_section][et_pb_section bb_built=&#8221;1&#8243; fullwidth=&#8221;on&#8221; _builder_version=&#8221;3.15&#8243; prev_background_color=&#8221;rgba(0,0,0,0)&#8221; background_color=&#8221;rgba(255,255,255,0)&#8221;][et_pb_fullwidth_code _builder_version=&#8221;3.15&#8243;]&lt;div style=&quot;max-width: 96%; margin-left: 2%;&quot;&gt;&lt;!&#8211; [et_pb_line_break_holder] &#8211;&gt;\n  \n  <div class=\"modal fade\" id=\"articleInfo\" style=\"z-index: 999999999;\">\n\t\t<div class=\"modal-dialog\">\n\t\t\t<div class=\"modal-content\">\n\t\t\t\t<div class=\"modal-header\">\n          <button type=\"button\" class=\"close\" data-dismiss=\"modal\" aria-label=\"Close\"><span aria-hidden=\"true\">&times;<\/span><\/button>\n          <button id=\"print-abstract\" type=\"button\" class=\"close pull-right\" style=\"margin-right: 10px;\"><i class=\"fa fa-print\" aria-hidden=\"true\"><\/i><\/button>\n\t\t\t\t\t<h4 id=\"abstract-title\" class=\"modal-title\"><\/h4>\n\t\t\t\t<\/div>\n\t\t\t\t<div id=\"abstract-content-div\" class=\"modal-body\">\n\t\t\t\t<\/div>\n\t\t\t\t<div class=\"modal-footer\">\n          <div id=\"keywords_row\" class=\"row\">\n            <div class=\"col-sm-2\">\n              <span style=\"float: left; font-weight: bold;\">Keywords:<\/span>\n            <\/div>\n            <div class=\"col-sm-10\">\n          \t\t<span id=\"keywords_span\" style=\"float: left;\"><\/span>\n          \t<\/div>\n          <\/div>\n\t\t\t\t\t<button type=\"button\" class=\"btn btn-default\" style=\"margin-top: 10px;\" data-dismiss=\"modal\">St\u00e4ng<\/button>\n\t\t\t\t<\/div>\n\t\t\t<\/div><!-- \/.modal-content -->\n\t\t<\/div><!-- \/.modal-dialog -->\n\t<\/div><!-- \/.modal -->\n\n  <p>\n      <!--\n      <input id=\"filter\" type=\"text\" placeholder=\"Minst 3 tecken\" class=\"search-query\"> <button id=\"search\" class=\"btn btn-small btn-primary\">S\u00f6k<\/button>\n      -->\n\n      <\/p>\n\n    <div id=\"table-holder\">\n    <div id=\"table-holder-inner\" class=\"loading\">\n      <i class=\"fa fa-spinner fa-spin fa-5x\" aria-hidden=\"true\" style=\"margin-top: 20px;\"><\/i>\n      <br\/>\n      <h3 style=\"\">\n        Laddar...      <\/h3>\n    <\/div>\n    <table id=\"footable\" class=\"footable table table-striped table-hover table-responsive\" data-filter=\"#filter\" data-filter-text-only=\"true\" style=\"display: none;\">\n      <thead>\n        <tr>\n          <th class=\"abs_th\" data-type=\"numeric\">#<\/th>\n          <th data-class=\"expand\" data-sort-initial='true'  class=\"abs_th\">Titel<\/th>\n          <th class=\"abs_th\" >F\u00f6rfattare<\/th>\n          <th class=\"abs_th\" >Presentat\u00f6r<\/th>\n          <th class=\"abs_th\" >Kategori<\/th>\n\n          <th class='abs_th' data-type='numeric' >Typ<\/th>\n          <th class='abs_th'>Tid<\/th>\n          <th class='abs_th'>Lokal<\/th>\n          \n\n          <th class='abs_th' data-type='numeric'>Poster<\/th>\n          <!--\n          <th class=\"abs_th\" >Typ<\/th>\n\n          <th class='abs_th'  >Tid<\/th>\n          <th class='abs_th'  >Lokal<\/th>\n          <th data-hide=\"all\" class=\"abs_th\">Nyckelord<\/th>\n          -->\n\n        <\/tr>\n      <\/thead>\n\t\t<tbody>\n\n\n      <input id='base_path' type='hidden' value='https:\/\/program.appinconf.com\/program\/wp-content\/plugins\/wordpress_plugin_abstracts' \/><input id='project_name' type='hidden' value='&#x27;sfam2019&#x27;' \/><input id='no_filter_text' type='hidden' value='- Inget filter -' \/><input id='no_result_text' type='hidden' value='<h4>- Inga tr\u00e4ffar -<\/h4>' \/><input id='hide_type' type='hidden' value='&#x27;false&#x27;' \/><input id='hide_room' type='hidden' value='&#x27;true&#x27;' \/><input id='hide_time' type='hidden' value='&#x27;true&#x27;' \/><input id='hide_author' type='hidden' value='&#x27;true&#x27;' \/><input id='hide_category' type='hidden' value='&quot;true&quot;' \/><input id='hide_presenter' type='hidden' value='false' \/><input id='show_poster' type='hidden' value='false' \/><input id='show_abs_nbr' type='hidden' value='false' \/>\n      <\/tbody>\n    <\/table>\n  <\/div>\n&lt;!&#8211; [et_pb_line_break_holder] &#8211;&gt;&lt;\/div&gt;[\/et_pb_fullwidth_code][\/et_pb_section]<\/p>\n","protected":false},"excerpt":{"rendered":"<p>[et_pb_section bb_built=&#8221;1&#8243; _builder_version=&#8221;3.15&#8243; custom_padding=&#8221;20px|0px|8px|0px&#8221; next_background_color=&#8221;rgba(255,255,255,0)&#8221; background_color=&#8221;rgba(0,0,0,0)&#8221;][et_pb_row background_color=&#8221;#ffffff&#8221; background_repeat_1=&#8221;no-repeat&#8221; _builder_version=&#8221;3.0.72&#8243; custom_padding=&#8221;11px|0px|2px|0px&#8221;][et_pb_column type=&#8221;4_4&#8243;][et_pb_text admin_label=&#8221;Image&#8221; _builder_version=&#8221;3.15&#8243;] [\/et_pb_text][et_pb_text _builder_version=&#8221;3.15&#8243; custom_margin=&#8221;10px|10px|10px|10px&#8221; border_style=&#8221;solid&#8221;] Abstracts f\u00f6r SFAM 2019.Klicka p\u00e5 ett abstract f\u00f6r att l\u00e4sa det. [\/et_pb_text][\/et_pb_column][\/et_pb_row][\/et_pb_section][et_pb_section bb_built=&#8221;1&#8243; fullwidth=&#8221;on&#8221; _builder_version=&#8221;3.15&#8243; prev_background_color=&#8221;rgba(0,0,0,0)&#8221; background_color=&#8221;rgba(255,255,255,0)&#8221;][et_pb_fullwidth_code _builder_version=&#8221;3.15&#8243;]&lt;div style=&quot;max-width: 96%; margin-left: 2%;&quot;&gt;&lt;!&#8211; [et_pb_line_break_holder] &#8211;&gt;&lt;!&#8211; [et_pb_line_break_holder] &#8211;&gt;&lt;\/div&gt;[\/et_pb_fullwidth_code][\/et_pb_section]<\/p>\n","protected":false},"author":1,"featured_media":0,"parent":0,"menu_order":0,"comment_status":"closed","ping_status":"closed","template":"page-template-blank.php","meta":{"_et_pb_use_builder":"on","_et_pb_old_content":"","_et_gb_content_width":""},"_links":{"self":[{"href":"https:\/\/program.appinconf.com\/program\/wp-json\/wp\/v2\/pages\/632"}],"collection":[{"href":"https:\/\/program.appinconf.com\/program\/wp-json\/wp\/v2\/pages"}],"about":[{"href":"https:\/\/program.appinconf.com\/program\/wp-json\/wp\/v2\/types\/page"}],"author":[{"embeddable":true,"href":"https:\/\/program.appinconf.com\/program\/wp-json\/wp\/v2\/users\/1"}],"replies":[{"embeddable":true,"href":"https:\/\/program.appinconf.com\/program\/wp-json\/wp\/v2\/comments?post=632"}],"version-history":[{"count":8,"href":"https:\/\/program.appinconf.com\/program\/wp-json\/wp\/v2\/pages\/632\/revisions"}],"predecessor-version":[{"id":640,"href":"https:\/\/program.appinconf.com\/program\/wp-json\/wp\/v2\/pages\/632\/revisions\/640"}],"wp:attachment":[{"href":"https:\/\/program.appinconf.com\/program\/wp-json\/wp\/v2\/media?parent=632"}],"curies":[{"name":"wp","href":"https:\/\/api.w.org\/{rel}","templated":true}]}}